{"id":3462,"date":"2025-05-30T13:40:56","date_gmt":"2025-05-30T11:40:56","guid":{"rendered":"https:\/\/mykink-wp-dev.dev.deviance.com\/?page_id=3462"},"modified":"2025-05-30T14:14:35","modified_gmt":"2025-05-30T12:14:35","slug":"mykink-heftbestellung","status":"publish","type":"page","link":"https:\/\/www.my-kink.com\/de\/mykink-heftbestellung\/","title":{"rendered":"MyKiNK Heftbestellung"},"content":{"rendered":"<p>[et_pb_section fb_built=&#8220;1&#8243; _builder_version=&#8220;4.27.4&#8243; _module_preset=&#8220;default&#8220; custom_padding=&#8220;0px||0px||false|false&#8220; global_colors_info=&#8220;{}&#8220;][et_pb_row _builder_version=&#8220;4.27.4&#8243; _module_preset=&#8220;default&#8220; use_background_color_gradient=&#8220;on&#8220; background_color_gradient_direction=&#8220;139deg&#8220; background_color_gradient_stops=&#8220;#6c2065 10%|#ff53a1 50%|#fecf6d 90%&#8220; background_image=&#8220;https:\/\/www.my-kink.com\/wp-content\/uploads\/2025\/01\/mykink-comming-soon-bg-01.png&#8220; background_blend=&#8220;soft-light&#8220; width=&#8220;100%&#8220; max_width=&#8220;100%&#8220; global_colors_info=&#8220;{}&#8220;][et_pb_column type=&#8220;4_4&#8243; _builder_version=&#8220;4.27.4&#8243; _module_preset=&#8220;default&#8220; global_colors_info=&#8220;{}&#8220;][et_pb_code admin_label=&#8220;Formular Code Header&#8220; _builder_version=&#8220;4.27.4&#8243; _module_preset=&#8220;default&#8220; global_colors_info=&#8220;{}&#8220;]<!-- START - We recommend to place the below code in head tag of your website html  --><!-- [et_pb_line_break_holder] --><\/p>\n<style><!-- [et_pb_line_break_holder] --><!-- [et_pb_line_break_holder] --><!-- [et_pb_line_break_holder] --><!-- [et_pb_line_break_holder] -->  <!-- [et_pb_line_break_holder] -->  #sib-container input:-ms-input-placeholder {<!-- [et_pb_line_break_holder] -->    text-align: left;<!-- [et_pb_line_break_holder] -->    font-family: Helvetica, sans-serif;<!-- [et_pb_line_break_holder] -->    color: #c0ccda;<!-- [et_pb_line_break_holder] -->  }<!-- [et_pb_line_break_holder] --><!-- [et_pb_line_break_holder] -->  #sib-container input::placeholder {<!-- [et_pb_line_break_holder] -->    text-align: left;<!-- [et_pb_line_break_holder] -->    font-family: Helvetica, sans-serif;<!-- [et_pb_line_break_holder] -->    color: #c0ccda;<!-- [et_pb_line_break_holder] -->  }<!-- [et_pb_line_break_holder] --><!-- [et_pb_line_break_holder] -->  #sib-container textarea::placeholder {<!-- [et_pb_line_break_holder] -->    text-align: left;<!-- [et_pb_line_break_holder] -->    font-family: Helvetica, sans-serif;<!-- [et_pb_line_break_holder] -->    color: #c0ccda;<!-- [et_pb_line_break_holder] -->  }<!-- [et_pb_line_break_holder] --><!-- [et_pb_line_break_holder] -->  #sib-container a {<!-- [et_pb_line_break_holder] -->    text-decoration: underline;<!-- [et_pb_line_break_holder] -->    color: #FFFFFF;<!-- [et_pb_line_break_holder] -->  }<!-- [et_pb_line_break_holder] -->  <!-- [et_pb_line_break_holder] -->    #sib-container .sib-form-block__button:hover {<!-- [et_pb_line_break_holder] -->    background: linear-gradient(to right, #a32cff, #19b8ff);<!-- [et_pb_line_break_holder] -->  }<!-- [et_pb_line_break_holder] -->  <!-- [et_pb_line_break_holder] --><\/style>\n<p><!-- [et_pb_line_break_holder] --><link rel=\"stylesheet\" href=\"https:\/\/sibforms.com\/forms\/end-form\/build\/sib-styles.css\"><!-- [et_pb_line_break_holder] --><!--  END - We recommend to place the above code in head tag of your website html -->[\/et_pb_code][et_pb_text _builder_version=&#8220;4.27.4&#8243; _module_preset=&#8220;default&#8220; text_font=&#8220;&#8211;et_global_heading_font|500|||||||&#8220; text_text_color=&#8220;#FFFFFF&#8220; text_font_size=&#8220;3rem&#8220; text_letter_spacing=&#8220;10px&#8220; header_font=&#8220;|700|||||||&#8220; header_text_color=&#8220;#FFFFFF&#8220; header_font_size=&#8220;2rem&#8220; text_orientation=&#8220;center&#8220; custom_margin=&#8220;10vh||||false|false&#8220; custom_padding=&#8220;|10px||10px|false|true&#8220; text_font_size_tablet=&#8220;3rem&#8220; text_font_size_phone=&#8220;2rem&#8220; text_font_size_last_edited=&#8220;on|phone&#8220; global_colors_info=&#8220;{}&#8220;]<\/p>\n<p>&#8211; Bestellung MYKiNK &#8211;<\/p>\n<p>[\/et_pb_text][et_pb_code raw_content_last_edited=&#8220;off|desktop&#8220; disabled_on=&#8220;off|off|off&#8220; admin_label=&#8220;Code Desktop&#8220; module_class=&#8220;MyKiNK-Bestellung&#8220; _builder_version=&#8220;4.27.4&#8243; _module_preset=&#8220;default&#8220; width=&#8220;800px&#8220; module_alignment=&#8220;center&#8220; custom_margin=&#8220;||||false|false&#8220; hover_enabled=&#8220;0&#8243; custom_css_free_form=&#8220;.MyKiNK-Bestellung .wpcf7-not-valid-tip {||    color: #FFFFFF;||    font-size: 0.8rem;||}||||.MyKiNK-Bestellung {||    color: #FFFFFF;||    font-size: 0.8rem;||}||||.MyKiNK-Bestellung a,||.MyKiNK-Bestellung a:visited,||.MyKiNK-Bestellung a:active {||    color: #FFFFFF;||    text-decoration: underline;||    font-size: 0.8rem;||}||||.MyKiNK-Bestellung a:hover {||    color: #dddddd;||    text-decoration: underline;||}||||.MyKiNK-Bestellung .form-input,||.MyKiNK-Bestellung .form-textarea {||    padding: 12px 16px;||    border: none;||    border-radius: 4px;||    font-size: 16px;||    box-sizing: border-box;||    background: white;||    color: #333;||    font-family: inherit;||}||||\/* Platzhalter-Styling *\/||.MyKiNK-Bestellung .form-input::placeholder,||.MyKiNK-Bestellung .form-textarea::placeholder {||    color: #282828;||    font-weight: 400;||    letter-spacing: 0.5px;||    font-size: 0.8rem;||}||||\/* Textarea Gr\u00f6\u00dfe *\/||.MyKiNK-Bestellung .form-textarea {||    max-height: 80px;||    resize: vertical;||    width: 100%;||}||||\/* Breiten-Klassen *\/||.MyKiNK-Bestellung .full-width {||    width: 100%;||    display: block;||    margin-bottom: 12px;||}||||.MyKiNK-Bestellung .half-width {||    width: 48%;||    display: inline-block;||    margin-right: 4%;||    margin-bottom: 12px;||    box-sizing: border-box;||}||||.MyKiNK-Bestellung .half-width:nth-of-type(2n) {||    margin-right: 0;||}||||\/* Button-Stil *\/||.MyKiNK-Bestellung .submit-button {||    font-size: 1.5rem;||    text-align: center;||    font-weight: 700;||    font-family: &#8218;Big Shoulders Display&#8216;, sans-serif;||    color: #FFFFFF;||    background: linear-gradient(to right, #a32cff, #19b8ff);||    border-radius: 15px;||    border: none;||    padding: 5px 20px;||    cursor: pointer;||    display: inline-block;||    transition: opacity 0.3s ease;||}||||.MyKiNK-Bestellung label {||    color: white;||    font-size: 1rem;||    display: block;||    margin-bottom: 6px;||    font-weight: 500;||}&#8220; global_colors_info=&#8220;{}&#8220; sticky_enabled=&#8220;0&#8243;]\n<div class=\"wpcf7 no-js\" id=\"wpcf7-f3461-o1\" lang=\"de-DE\" dir=\"ltr\" data-wpcf7-id=\"3461\">\n<div class=\"screen-reader-response\"><p role=\"status\" aria-live=\"polite\" aria-atomic=\"true\"><\/p> <ul><\/ul><\/div>\n<form action=\"\/de\/wp-json\/wp\/v2\/pages\/3462#wpcf7-f3461-o1\" method=\"post\" class=\"wpcf7-form init\" aria-label=\"Kontaktformular\" novalidate=\"novalidate\" data-status=\"init\">\n<fieldset class=\"hidden-fields-container\"><input type=\"hidden\" name=\"_wpcf7\" value=\"3461\" \/><input type=\"hidden\" name=\"_wpcf7_version\" value=\"6.1.5\" \/><input type=\"hidden\" name=\"_wpcf7_locale\" value=\"de_DE\" \/><input type=\"hidden\" name=\"_wpcf7_unit_tag\" value=\"wpcf7-f3461-o1\" \/><input type=\"hidden\" name=\"_wpcf7_container_post\" value=\"0\" \/><input type=\"hidden\" name=\"_wpcf7_posted_data_hash\" value=\"\" \/>\n<\/fieldset>\n<p><label> Unternehmen<br \/>\n<span class=\"wpcf7-form-control-wrap\" data-name=\"Unternehmen\"><input size=\"40\" maxlength=\"400\" class=\"wpcf7-form-control wpcf7-text form-input full-width\" aria-invalid=\"false\" placeholder=\"Unternehmen \/ Stammtisch\" value=\"\" type=\"text\" name=\"Unternehmen\" \/><\/span> <\/label>\n<\/p>\n<p><label> Ansprechpartner<br \/>\n<span class=\"wpcf7-form-control-wrap\" data-name=\"Vorname\"><input size=\"40\" maxlength=\"400\" class=\"wpcf7-form-control wpcf7-text wpcf7-validates-as-required form-input half-width\" aria-required=\"true\" aria-invalid=\"false\" placeholder=\"Vorname\" value=\"\" type=\"text\" name=\"Vorname\" \/><\/span><br \/>\n<span class=\"wpcf7-form-control-wrap\" data-name=\"Name\"><input size=\"40\" maxlength=\"400\" class=\"wpcf7-form-control wpcf7-text wpcf7-validates-as-required form-input half-width\" aria-required=\"true\" aria-invalid=\"false\" placeholder=\"Nachname\" value=\"\" type=\"text\" name=\"Name\" \/><\/span><br \/>\n<span class=\"wpcf7-form-control-wrap\" data-name=\"E-Mail-Adresse\"><input size=\"40\" maxlength=\"400\" class=\"wpcf7-form-control wpcf7-email wpcf7-validates-as-required wpcf7-text wpcf7-validates-as-email form-input half-width\" aria-required=\"true\" aria-invalid=\"false\" placeholder=\"meine@e-mail.de\" value=\"\" type=\"email\" name=\"E-Mail-Adresse\" \/><\/span> <\/label>\n<\/p>\n<p><label> Versandadresse<br \/>\n<span class=\"wpcf7-form-control-wrap\" data-name=\"Strasse\"><input size=\"40\" maxlength=\"400\" class=\"wpcf7-form-control wpcf7-text wpcf7-validates-as-required form-input half-width\" aria-required=\"true\" aria-invalid=\"false\" placeholder=\"Strasse\" value=\"\" type=\"text\" name=\"Strasse\" \/><\/span><br \/>\n<span class=\"wpcf7-form-control-wrap\" data-name=\"Hausnummer\"><input size=\"40\" maxlength=\"400\" class=\"wpcf7-form-control wpcf7-text wpcf7-validates-as-required form-input half-width\" aria-required=\"true\" aria-invalid=\"false\" placeholder=\"Nr.\" value=\"\" type=\"text\" name=\"Hausnummer\" \/><\/span><br \/>\n<span class=\"wpcf7-form-control-wrap\" data-name=\"PLZ\"><input size=\"40\" maxlength=\"400\" class=\"wpcf7-form-control wpcf7-text wpcf7-validates-as-required form-input half-width\" aria-required=\"true\" aria-invalid=\"false\" placeholder=\"PLZ\" value=\"\" type=\"text\" name=\"PLZ\" \/><\/span><br \/>\n<span class=\"wpcf7-form-control-wrap\" data-name=\"Ort\"><input size=\"40\" maxlength=\"400\" class=\"wpcf7-form-control wpcf7-text wpcf7-validates-as-required form-input half-width\" aria-required=\"true\" aria-invalid=\"false\" placeholder=\"Ort\" value=\"\" type=\"text\" name=\"Ort\" \/><\/span> <\/label>\n<\/p>\n<p><label> Mitteilung<br \/>\n<span class=\"wpcf7-form-control-wrap\" data-name=\"Mitteilung\"><textarea cols=\"40\" rows=\"10\" maxlength=\"2000\" class=\"wpcf7-form-control wpcf7-textarea form-textarea full-width\" aria-invalid=\"false\" placeholder=\"Was du uns noch mitteilen m\u00f6chtest...\" name=\"Mitteilung\"><\/textarea><\/span> <\/label>\n<\/p>\n<p>Ich stimme zu, dass meine Angaben in diesem Kontaktformular zur Beantwortung meiner Anfrage erhoben und verarbeitet werden. Ich verstehe, dass ich diese Einwilligung jederzeit per E-Mail an support@my-kink.de widerrufen kann. Ich akzeptiere die <a href=\"https:\/\/campingampersee.de\/datenschutzerklaerung\/\">Datenschutzerkl\u00e4rung<\/a>.\n<\/p>\n<p><span class=\"wpcf7-form-control-wrap\" data-name=\"datenschutz\"><span class=\"wpcf7-form-control wpcf7-acceptance\"><span class=\"wpcf7-list-item\"><label><input type=\"checkbox\" name=\"datenschutz\" value=\"1\" aria-invalid=\"false\" \/><span class=\"wpcf7-list-item-label\">Ich akzeptiere die Datenschutzbedingungen<\/span><\/label><\/span><\/span><\/span>\n<\/p>\n<p><button class=\"wpcf7-form-control wpcf7-submit has-spinner et_pb_button et_pb_bg_layout_light submit-button\" type=\"submit\" value=\"ANFRAGE SENDEN\">ANFRAGE SENDEN<\/button>\n<\/p><div class=\"wpcf7-response-output\" aria-hidden=\"true\"><\/div>\n<\/form>\n<\/div>\n[\/et_pb_code][et_pb_code admin_label=&#8220;Formular Code Footer&#8220; _builder_version=&#8220;4.27.4&#8243; _module_preset=&#8220;default&#8220; global_colors_info=&#8220;{}&#8220;]<!-- START - We recommend to place the below code in footer or bottom of your website html  --><!-- [et_pb_line_break_holder] --><script><!-- [et_pb_line_break_holder] -->  window.REQUIRED_CODE_ERROR_MESSAGE = 'W\u00e4hle bitte einen L\u00e4ndervorwahl aus.';<!-- [et_pb_line_break_holder] -->  window.LOCALE = 'de';<!-- [et_pb_line_break_holder] -->  window.EMAIL_INVALID_MESSAGE = window.SMS_INVALID_MESSAGE = \"Die eingegebenen Informationen sind nicht g\u00fcltig. Bitte \u00fcberpr\u00fcfe das Feldformat und versuche es erneut.\";<!-- [et_pb_line_break_holder] --><!-- [et_pb_line_break_holder] -->  window.REQUIRED_ERROR_MESSAGE = \"Dieses Feld darf nicht leer sein. \";<!-- [et_pb_line_break_holder] --><!-- [et_pb_line_break_holder] -->  window.GENERIC_INVALID_MESSAGE = \"Die eingegebenen Informationen sind nicht g\u00fcltig. Bitte \u00fcberpr\u00fcfe das Feldformat und versuche es erneut.\";<!-- [et_pb_line_break_holder] --><!-- [et_pb_line_break_holder] --><!-- [et_pb_line_break_holder] --><!-- [et_pb_line_break_holder] --><!-- [et_pb_line_break_holder] -->  window.translation = {<!-- [et_pb_line_break_holder] -->    common: {<!-- [et_pb_line_break_holder] -->      selectedList: '{quantity} Liste ausgew\u00e4hlt',<!-- [et_pb_line_break_holder] -->      selectedLists: '{quantity} Listen ausgew\u00e4hlt'<!-- [et_pb_line_break_holder] -->    }<!-- [et_pb_line_break_holder] -->  };<!-- [et_pb_line_break_holder] --><!-- [et_pb_line_break_holder] -->  var AUTOHIDE = Boolean(0);<!-- [et_pb_line_break_holder] --><\/script><!-- [et_pb_line_break_holder] --><!-- [et_pb_line_break_holder] --><script defer src=\"https:\/\/sibforms.com\/forms\/end-form\/build\/main.js\"><\/script><!-- [et_pb_line_break_holder] --><!-- [et_pb_line_break_holder] --><script src=\"https:\/\/challenges.cloudflare.com\/turnstile\/v0\/api.js\" async defer><\/script><!-- [et_pb_line_break_holder] --><!-- [et_pb_line_break_holder] --><!-- END - We recommend to place the above code in footer or bottom of your website html  --><!-- [et_pb_line_break_holder] --><!-- End Brevo Form -->[\/et_pb_code][\/et_pb_column][\/et_pb_row][\/et_pb_section]<\/p>\n","protected":false},"excerpt":{"rendered":"<p>&#8211; Bestellung MYKiNK &#8211;\n<div class=\"wpcf7 no-js\" id=\"wpcf7-f3461-o2\" lang=\"de-DE\" dir=\"ltr\" data-wpcf7-id=\"3461\">\n<div class=\"screen-reader-response\"><p role=\"status\" aria-live=\"polite\" aria-atomic=\"true\"><\/p> <ul><\/ul><\/div>\n<form action=\"\/de\/wp-json\/wp\/v2\/pages\/3462#wpcf7-f3461-o2\" method=\"post\" class=\"wpcf7-form init\" aria-label=\"Kontaktformular\" novalidate=\"novalidate\" data-status=\"init\">\n<fieldset class=\"hidden-fields-container\"><input type=\"hidden\" name=\"_wpcf7\" value=\"3461\" \/><input type=\"hidden\" name=\"_wpcf7_version\" value=\"6.1.5\" \/><input type=\"hidden\" name=\"_wpcf7_locale\" value=\"de_DE\" \/><input type=\"hidden\" name=\"_wpcf7_unit_tag\" value=\"wpcf7-f3461-o2\" \/><input type=\"hidden\" name=\"_wpcf7_container_post\" value=\"0\" \/><input type=\"hidden\" name=\"_wpcf7_posted_data_hash\" value=\"\" \/>\n<\/fieldset>\n<p><label> Unternehmen<br \/>\n<span class=\"wpcf7-form-control-wrap\" data-name=\"Unternehmen\"><input size=\"40\" maxlength=\"400\" class=\"wpcf7-form-control wpcf7-text form-input full-width\" aria-invalid=\"false\" placeholder=\"Unternehmen \/ Stammtisch\" value=\"\" type=\"text\" name=\"Unternehmen\" \/><\/span> <\/label>\n<\/p>\n<p><label> Ansprechpartner<br \/>\n<span class=\"wpcf7-form-control-wrap\" data-name=\"Vorname\"><input size=\"40\" maxlength=\"400\" class=\"wpcf7-form-control wpcf7-text wpcf7-validates-as-required form-input half-width\" aria-required=\"true\" aria-invalid=\"false\" placeholder=\"Vorname\" value=\"\" type=\"text\" name=\"Vorname\" \/><\/span><br \/>\n<span class=\"wpcf7-form-control-wrap\" data-name=\"Name\"><input size=\"40\" maxlength=\"400\" class=\"wpcf7-form-control wpcf7-text wpcf7-validates-as-required form-input half-width\" aria-required=\"true\" aria-invalid=\"false\" placeholder=\"Nachname\" value=\"\" type=\"text\" name=\"Name\" \/><\/span><br \/>\n<span class=\"wpcf7-form-control-wrap\" data-name=\"E-Mail-Adresse\"><input size=\"40\" maxlength=\"400\" class=\"wpcf7-form-control wpcf7-email wpcf7-validates-as-required wpcf7-text wpcf7-validates-as-email form-input half-width\" aria-required=\"true\" aria-invalid=\"false\" placeholder=\"meine@e-mail.de\" value=\"\" type=\"email\" name=\"E-Mail-Adresse\" \/><\/span> <\/label>\n<\/p>\n<p><label> Versandadresse<br \/>\n<span class=\"wpcf7-form-control-wrap\" data-name=\"Strasse\"><input size=\"40\" maxlength=\"400\" class=\"wpcf7-form-control wpcf7-text wpcf7-validates-as-required form-input half-width\" aria-required=\"true\" aria-invalid=\"false\" placeholder=\"Strasse\" value=\"\" type=\"text\" name=\"Strasse\" \/><\/span><br \/>\n<span class=\"wpcf7-form-control-wrap\" data-name=\"Hausnummer\"><input size=\"40\" maxlength=\"400\" class=\"wpcf7-form-control wpcf7-text wpcf7-validates-as-required form-input half-width\" aria-required=\"true\" aria-invalid=\"false\" placeholder=\"Nr.\" value=\"\" type=\"text\" name=\"Hausnummer\" \/><\/span><br \/>\n<span class=\"wpcf7-form-control-wrap\" data-name=\"PLZ\"><input size=\"40\" maxlength=\"400\" class=\"wpcf7-form-control wpcf7-text wpcf7-validates-as-required form-input half-width\" aria-required=\"true\" aria-invalid=\"false\" placeholder=\"PLZ\" value=\"\" type=\"text\" name=\"PLZ\" \/><\/span><br \/>\n<span class=\"wpcf7-form-control-wrap\" data-name=\"Ort\"><input size=\"40\" maxlength=\"400\" class=\"wpcf7-form-control wpcf7-text wpcf7-validates-as-required form-input half-width\" aria-required=\"true\" aria-invalid=\"false\" placeholder=\"Ort\" value=\"\" type=\"text\" name=\"Ort\" \/><\/span> <\/label>\n<\/p>\n<p><label> Mitteilung<br \/>\n<span class=\"wpcf7-form-control-wrap\" data-name=\"Mitteilung\"><textarea cols=\"40\" rows=\"10\" maxlength=\"2000\" class=\"wpcf7-form-control wpcf7-textarea form-textarea full-width\" aria-invalid=\"false\" placeholder=\"Was du uns noch mitteilen m\u00f6chtest...\" name=\"Mitteilung\"><\/textarea><\/span> <\/label>\n<\/p>\n<p>Ich stimme zu, dass meine Angaben in diesem Kontaktformular zur Beantwortung meiner Anfrage erhoben und verarbeitet werden. Ich verstehe, dass ich diese Einwilligung jederzeit per E-Mail an support@my-kink.de widerrufen kann. Ich akzeptiere die <a href=\"https:\/\/campingampersee.de\/datenschutzerklaerung\/\">Datenschutzerkl\u00e4rung<\/a>.\n<\/p>\n<p><span class=\"wpcf7-form-control-wrap\" data-name=\"datenschutz\"><span class=\"wpcf7-form-control wpcf7-acceptance\"><span class=\"wpcf7-list-item\"><label><input type=\"checkbox\" name=\"datenschutz\" value=\"1\" aria-invalid=\"false\" \/><span class=\"wpcf7-list-item-label\">Ich akzeptiere die Datenschutzbedingungen<\/span><\/label><\/span><\/span><\/span>\n<\/p>\n<p><button class=\"wpcf7-form-control wpcf7-submit has-spinner et_pb_button et_pb_bg_layout_light submit-button\" type=\"submit\" value=\"ANFRAGE SENDEN\">ANFRAGE SENDEN<\/button>\n<\/p><div class=\"wpcf7-response-output\" aria-hidden=\"true\"><\/div>\n<\/form>\n<\/div>\n<\/p>\n","protected":false},"author":1,"featured_media":0,"parent":0,"menu_order":0,"comment_status":"closed","ping_status":"closed","template":"","meta":{"_et_pb_use_builder":"on","_et_pb_old_content":"","_et_gb_content_width":"","_coblocks_attr":"","_coblocks_dimensions":"","_coblocks_responsive_height":"","_coblocks_accordion_ie_support":"","_price":"","_stock":"","_tribe_ticket_header":"","_tribe_default_ticket_provider":"","_tribe_ticket_capacity":"0","_ticket_start_date":"","_ticket_end_date":"","_tribe_ticket_show_description":"","_tribe_ticket_show_not_going":false,"_tribe_ticket_use_global_stock":"","_tribe_ticket_global_stock_level":"","_global_stock_mode":"","_global_stock_cap":"","_tribe_rsvp_for_event":"","_tribe_ticket_going_count":"","_tribe_ticket_not_going_count":"","_tribe_tickets_list":"[]","_tribe_ticket_has_attendee_info_fields":false,"footnotes":"","_tec_slr_enabled":"","_tec_slr_layout":""},"class_list":["post-3462","page","type-page","status-publish","hentry"],"yoast_head":"<!-- This site is optimized with the Yoast SEO plugin v27.5 - https:\/\/yoast.com\/product\/yoast-seo-wordpress\/ -->\n<title>MyKiNK Heftbestellung - My Kink<\/title>\n<meta name=\"robots\" content=\"index, follow, max-snippet:-1, max-image-preview:large, max-video-preview:-1\" \/>\n<link rel=\"canonical\" href=\"https:\/\/www.my-kink.com\/de\/mykink-heftbestellung\/\" \/>\n<meta property=\"og:locale\" content=\"de_DE\" \/>\n<meta property=\"og:type\" content=\"article\" \/>\n<meta property=\"og:title\" content=\"MyKiNK Heftbestellung - My Kink\" \/>\n<meta property=\"og:description\" content=\"- Bestellung MYKiNK -\" \/>\n<meta property=\"og:url\" content=\"https:\/\/www.my-kink.com\/de\/mykink-heftbestellung\/\" \/>\n<meta property=\"og:site_name\" content=\"My Kink\" \/>\n<meta property=\"article:modified_time\" content=\"2025-05-30T12:14:35+00:00\" \/>\n<meta name=\"twitter:card\" content=\"summary_large_image\" \/>\n<script type=\"application\/ld+json\" class=\"yoast-schema-graph\">{\"@context\":\"https:\\\/\\\/schema.org\",\"@graph\":[{\"@type\":\"WebPage\",\"@id\":\"https:\\\/\\\/www.my-kink.com\\\/de\\\/mykink-heftbestellung\\\/\",\"url\":\"https:\\\/\\\/www.my-kink.com\\\/de\\\/mykink-heftbestellung\\\/\",\"name\":\"MyKiNK Heftbestellung - My Kink\",\"isPartOf\":{\"@id\":\"https:\\\/\\\/www.my-kink.com\\\/de\\\/#website\"},\"datePublished\":\"2025-05-30T11:40:56+00:00\",\"dateModified\":\"2025-05-30T12:14:35+00:00\",\"breadcrumb\":{\"@id\":\"https:\\\/\\\/www.my-kink.com\\\/de\\\/mykink-heftbestellung\\\/#breadcrumb\"},\"inLanguage\":\"de\",\"potentialAction\":[{\"@type\":\"ReadAction\",\"target\":[\"https:\\\/\\\/www.my-kink.com\\\/de\\\/mykink-heftbestellung\\\/\"]}]},{\"@type\":\"BreadcrumbList\",\"@id\":\"https:\\\/\\\/www.my-kink.com\\\/de\\\/mykink-heftbestellung\\\/#breadcrumb\",\"itemListElement\":[{\"@type\":\"ListItem\",\"position\":1,\"name\":\"Startseite\",\"item\":\"https:\\\/\\\/www.my-kink.com\\\/de\\\/\"},{\"@type\":\"ListItem\",\"position\":2,\"name\":\"MyKiNK Heftbestellung\"}]},{\"@type\":\"WebSite\",\"@id\":\"https:\\\/\\\/www.my-kink.com\\\/de\\\/#website\",\"url\":\"https:\\\/\\\/www.my-kink.com\\\/de\\\/\",\"name\":\"My Kink\",\"description\":\"\",\"potentialAction\":[{\"@type\":\"SearchAction\",\"target\":{\"@type\":\"EntryPoint\",\"urlTemplate\":\"https:\\\/\\\/www.my-kink.com\\\/de\\\/?s={search_term_string}\"},\"query-input\":{\"@type\":\"PropertyValueSpecification\",\"valueRequired\":true,\"valueName\":\"search_term_string\"}}],\"inLanguage\":\"de\"}]}<\/script>\n<!-- \/ Yoast SEO plugin. -->","yoast_head_json":{"title":"MyKiNK Heftbestellung - My Kink","robots":{"index":"index","follow":"follow","max-snippet":"max-snippet:-1","max-image-preview":"max-image-preview:large","max-video-preview":"max-video-preview:-1"},"canonical":"https:\/\/www.my-kink.com\/de\/mykink-heftbestellung\/","og_locale":"de_DE","og_type":"article","og_title":"MyKiNK Heftbestellung - My Kink","og_description":"- Bestellung MYKiNK -","og_url":"https:\/\/www.my-kink.com\/de\/mykink-heftbestellung\/","og_site_name":"My Kink","article_modified_time":"2025-05-30T12:14:35+00:00","twitter_card":"summary_large_image","schema":{"@context":"https:\/\/schema.org","@graph":[{"@type":"WebPage","@id":"https:\/\/www.my-kink.com\/de\/mykink-heftbestellung\/","url":"https:\/\/www.my-kink.com\/de\/mykink-heftbestellung\/","name":"MyKiNK Heftbestellung - My Kink","isPartOf":{"@id":"https:\/\/www.my-kink.com\/de\/#website"},"datePublished":"2025-05-30T11:40:56+00:00","dateModified":"2025-05-30T12:14:35+00:00","breadcrumb":{"@id":"https:\/\/www.my-kink.com\/de\/mykink-heftbestellung\/#breadcrumb"},"inLanguage":"de","potentialAction":[{"@type":"ReadAction","target":["https:\/\/www.my-kink.com\/de\/mykink-heftbestellung\/"]}]},{"@type":"BreadcrumbList","@id":"https:\/\/www.my-kink.com\/de\/mykink-heftbestellung\/#breadcrumb","itemListElement":[{"@type":"ListItem","position":1,"name":"Startseite","item":"https:\/\/www.my-kink.com\/de\/"},{"@type":"ListItem","position":2,"name":"MyKiNK Heftbestellung"}]},{"@type":"WebSite","@id":"https:\/\/www.my-kink.com\/de\/#website","url":"https:\/\/www.my-kink.com\/de\/","name":"My Kink","description":"","potentialAction":[{"@type":"SearchAction","target":{"@type":"EntryPoint","urlTemplate":"https:\/\/www.my-kink.com\/de\/?s={search_term_string}"},"query-input":{"@type":"PropertyValueSpecification","valueRequired":true,"valueName":"search_term_string"}}],"inLanguage":"de"}]}},"ticketed":false,"_links":{"self":[{"href":"https:\/\/www.my-kink.com\/de\/wp-json\/wp\/v2\/pages\/3462","targetHints":{"allow":["GET"]}}],"collection":[{"href":"https:\/\/www.my-kink.com\/de\/wp-json\/wp\/v2\/pages"}],"about":[{"href":"https:\/\/www.my-kink.com\/de\/wp-json\/wp\/v2\/types\/page"}],"author":[{"embeddable":true,"href":"https:\/\/www.my-kink.com\/de\/wp-json\/wp\/v2\/users\/1"}],"replies":[{"embeddable":true,"href":"https:\/\/www.my-kink.com\/de\/wp-json\/wp\/v2\/comments?post=3462"}],"version-history":[{"count":0,"href":"https:\/\/www.my-kink.com\/de\/wp-json\/wp\/v2\/pages\/3462\/revisions"}],"wp:attachment":[{"href":"https:\/\/www.my-kink.com\/de\/wp-json\/wp\/v2\/media?parent=3462"}],"curies":[{"name":"wp","href":"https:\/\/api.w.org\/{rel}","templated":true}]}}